{"id":73,"date":"2016-09-13T14:36:46","date_gmt":"2016-09-13T12:36:46","guid":{"rendered":"http:\/\/www.gastwirtschaft-lehenhof.at\/?page_id=73"},"modified":"2026-02-02T11:29:20","modified_gmt":"2026-02-02T10:29:20","slug":"zimmer","status":"publish","type":"page","link":"https:\/\/www.gastwirtschaft-lehenhof.at\/?page_id=73","title":{"rendered":"Zimmer und Preise"},"content":{"rendered":"<p><span style=\"color: #008000;\"><em>Der Lehenhof befindet sich direkt am Donauradweg, im<br \/>Herzen von Abwinden\/Luftenberg.<\/em><\/span><\/p>\n<p><span style=\"color: #008000;\"><em>Unsere einfachen Zimmer sind alle mit Bad\/Dusche\/WC\/TV ausgestattet.<\/em><\/span><\/p>\n<p><span style=\"color: #008000;\"><em>Lehenhof Zimmerpreise ab dem 01. 01. 2026<br \/><\/em><\/span><\/p>\n<p><span style=\"color: #008000;\"><strong>Einzelzimmer<\/strong> <em>pro Nacht Eur 50,00\u00a0<\/em><\/span><br \/><span style=\"color: #008000;\"> <strong>Doppelzimmer<\/strong> <em>pro Nacht Eur 92,00<\/em><\/span><\/p>\n<p><span style=\"color: #008000;\"><em> + Eur 2,40\u00a0<\/em><\/span><span style=\"color: #008000;\"><span style=\"caret-color: #008000;\"><i>Ortstaxe p. P.\/Nacht <\/i><\/span><\/span><\/p>\n<p><span style=\"color: #008000;\"><span style=\"caret-color: #008000;\"><i>Haustiere &#8211;\u00a0<\/i><\/span><\/span><span style=\"color: #008000;\"><span style=\"caret-color: #008000;\"><i>Reinigungsgeb\u00fchr Eur 12,00 pro Aufenthalt &amp; Tier<\/i><\/span><\/span><\/p>\n<p><span style=\"color: #008000;\"><em>Die Preise sind inklusive allen gesetzlichen Abgaben.<\/em><\/span><\/p>\n<div><span lang=\"DE\" style=\"color: #008000;\"><em>F\u00fcr unsere <span style=\"color: #008000;\">\u00dcbernachtungsg\u00e4ste<\/span> steht ein \u00a0einfaches und kostenloses\u00a0<b>Selbstbedienungsfr\u00fchst\u00fcck ohne Service<\/b>\u00a0im Fr\u00fchst\u00fccksraum, zur Verf\u00fcgung<\/em>.<\/span><\/div>\n<div>\u00a0<\/div>\n<div><span style=\"color: #008000;\"><em>F\u00fcr gen\u00fcgend Parkm\u00f6glichkeiten und Radgarage ist gesorgt.<\/em><\/span><\/div>\n<div>\u00a0<\/div>\n<p><span style=\"color: #008000;\"><em>Genie\u00dfen sie die Ruhige Lage der Zimmer und Lassen Sie sich in unserem<\/em><\/span><br \/><span style=\"color: #008000;\"> <em> gem\u00fctlichen Wirtshaus kulinarisch verw\u00f6hnen.<\/em><\/span><\/p>\n<p><span style=\"color: #008000;\"><em>Wir hoffen, Sie schon bald als Gast bei uns begr\u00fc\u00dfen zu d\u00fcrfen.<\/em><\/span><\/p>\n\n\n<figure class=\"wp-block-image size-large is-style-rounded\"><a href=\"http:\/\/www.gastwirtschaft-lehenhof.at\/wp-content\/uploads\/2021\/05\/Beatrice_Leitner_Gastwirtschaft_Lehenhof11.jpg\"><img loading=\"lazy\" decoding=\"async\" width=\"1024\" height=\"700\" src=\"http:\/\/www.gastwirtschaft-lehenhof.at\/wp-content\/uploads\/2021\/05\/Beatrice_Leitner_Gastwirtschaft_Lehenhof11-1024x700.jpg\" alt=\"\" class=\"wp-image-355\" srcset=\"https:\/\/www.gastwirtschaft-lehenhof.at\/wp-content\/uploads\/2021\/05\/Beatrice_Leitner_Gastwirtschaft_Lehenhof11-1024x700.jpg 1024w, https:\/\/www.gastwirtschaft-lehenhof.at\/wp-content\/uploads\/2021\/05\/Beatrice_Leitner_Gastwirtschaft_Lehenhof11-300x205.jpg 300w, https:\/\/www.gastwirtschaft-lehenhof.at\/wp-content\/uploads\/2021\/05\/Beatrice_Leitner_Gastwirtschaft_Lehenhof11-768x525.jpg 768w, https:\/\/www.gastwirtschaft-lehenhof.at\/wp-content\/uploads\/2021\/05\/Beatrice_Leitner_Gastwirtschaft_Lehenhof11.jpg 1200w\" sizes=\"auto, (max-width: 1024px) 100vw, 1024px\" \/><\/a><\/figure>\n","protected":false},"excerpt":{"rendered":"<p>Der Lehenhof befindet sich direkt am Donauradweg, imHerzen von Abwinden\/Luftenberg. Unsere einfachen Zimmer sind alle mit Bad\/Dusche\/WC\/TV ausgestattet. Lehenhof Zimmerpreise ab dem 01. 01. 2026 Einzelzimmer pro Nacht Eur 50,00\u00a0 Doppelzimmer pro Nacht Eur 92,00 + Eur 2,40\u00a0Ortstaxe p. P.\/Nacht Haustiere &#8211;\u00a0Reinigungsgeb\u00fchr Eur 12,00 pro Aufenthalt &amp; Tier Die Preise sind inklusive allen gesetzlichen Abgaben. &hellip; <a href=\"https:\/\/www.gastwirtschaft-lehenhof.at\/?page_id=73\" class=\"more-link\"><span class=\"screen-reader-text\">Zimmer und Preise<\/span> weiterlesen <span class=\"meta-nav\">&rarr;<\/span><\/a><\/p>\n","protected":false},"author":1,"featured_media":0,"parent":0,"menu_order":0,"comment_status":"closed","ping_status":"closed","template":"","meta":{"footnotes":""},"class_list":["post-73","page","type-page","status-publish","hentry"],"_links":{"self":[{"href":"https:\/\/www.gastwirtschaft-lehenhof.at\/index.php?rest_route=\/wp\/v2\/pages\/73","targetHints":{"allow":["GET"]}}],"collection":[{"href":"https:\/\/www.gastwirtschaft-lehenhof.at\/index.php?rest_route=\/wp\/v2\/pages"}],"about":[{"href":"https:\/\/www.gastwirtschaft-lehenhof.at\/index.php?rest_route=\/wp\/v2\/types\/page"}],"author":[{"embeddable":true,"href":"https:\/\/www.gastwirtschaft-lehenhof.at\/index.php?rest_route=\/wp\/v2\/users\/1"}],"replies":[{"embeddable":true,"href":"https:\/\/www.gastwirtschaft-lehenhof.at\/index.php?rest_route=%2Fwp%2Fv2%2Fcomments&post=73"}],"version-history":[{"count":42,"href":"https:\/\/www.gastwirtschaft-lehenhof.at\/index.php?rest_route=\/wp\/v2\/pages\/73\/revisions"}],"predecessor-version":[{"id":473,"href":"https:\/\/www.gastwirtschaft-lehenhof.at\/index.php?rest_route=\/wp\/v2\/pages\/73\/revisions\/473"}],"wp:attachment":[{"href":"https:\/\/www.gastwirtschaft-lehenhof.at\/index.php?rest_route=%2Fwp%2Fv2%2Fmedia&parent=73"}],"curies":[{"name":"wp","href":"https:\/\/api.w.org\/{rel}","templated":true}]}}